{"id":5049,"date":"2022-01-31T16:34:03","date_gmt":"2022-01-31T15:34:03","guid":{"rendered":"https:\/\/asianclub.care\/?page_id=5049"},"modified":"2022-11-29T22:49:05","modified_gmt":"2022-11-29T21:49:05","slug":"polityka-prywatnosci","status":"publish","type":"page","link":"https:\/\/asianclub.care\/en\/polityka-prywatnosci\/","title":{"rendered":"Polityka prywatno\u015bci"},"content":{"rendered":"<p><\/p>\n\n\n\n<p><strong>Polityka prywatno\u015bci Sklepu asianclub.care<br><\/strong><a href=\"https:\/\/asianclub.pl\/\" target=\"_blank\" rel=\"noreferrer noopener\"><strong>https:\/\/asianclub.care<\/strong><\/a><strong><br>(&#8222;Sklep&#8221;)<\/strong><\/p>\n\n\n\n<p><strong>Drogi U\u017cytkowniku!<\/strong><\/p>\n\n\n\n<p>Dbamy o Twoj\u0105 prywatno\u015b\u0107 i chcemy, aby\u015b w czasie korzystania z naszych us\u0142ug czu\u0142 si\u0119 komfortowo. Dlatego te\u017c poni\u017cej prezentujemy Ci najwa\u017cniejsze informacje o zasadach przetwarzania przez nas Twoich danych osobowych oraz plikach cookies, kt\u00f3re s\u0105 wykorzystywane przez nasz Sklep. Informacje te zosta\u0142y przygotowane z uwzgl\u0119dnieniem RODO, czyli og\u00f3lnego rozporz\u0105dzenia o ochronie danych.<\/p>\n\n\n\n<p><strong>ADMINISTRATOR DANYCH OSOBOWYCH (&#8222;Administrator&#8221;)<\/strong><\/p>\n\n\n\n<p>AGATA ANNA HUDZIAK, przedsi\u0119biorca prowadz\u0105cy dzia\u0142alno\u015b\u0107 gospodarcz\u0105 pod nazw\u0105 Asianclub Cosmetics Agata Hudziak, wpisany do Centralnej Ewidencji i Informacji o Dzia\u0142alno\u015bci Gospodarczej prowadzonej przez ministra w\u0142a\u015bciwego do spraw gospodarki i prowadzenia Centralnej Ewidencji i Informacji o Dzia\u0142alno\u015bci Gospodarczej, NIP 5961730541 , nr REGON 081047263, ul. Robocza 3\/67, 61-517 Pozna\u0144 .<\/p>\n\n\n\n<p><strong>DANE OSOBOWE I PRYWATNO\u015a\u0106<\/strong><\/p>\n\n\n\n<p>Je\u015bli zamierzasz za\u0142o\u017cy\u0107 Konto U\u017cytkownika oraz korzysta\u0107 z naszych us\u0142ug, zostaniesz poproszony o podanie nam Twoich danych osobowych.<br>Twoje dane przetwarzane s\u0105 przez nas we wskazanych poni\u017cej celach, zwi\u0105zanych z funkcjonowaniem Sklepu i \u015bwiadczeniem us\u0142ug w nim oferowanych (\u201eUs\u0142ugi\u201d).<\/p>\n\n\n\n<p><strong>Cel przetwarzania:<\/strong><\/p>\n\n\n\n<p>W zale\u017cno\u015bci od tego, na co si\u0119 zdecydujesz, mo\u017ce to by\u0107:<\/p>\n\n\n\n<ul class=\"wp-block-list\">\n<li>\u015awiadczenie us\u0142ug oferowanych w Sklepie<\/li>\n\n\n\n<li>Realizacja Twoich zam\u00f3wie\u0144<\/li>\n\n\n\n<li>Marketing bezpo\u015bredni oferowanych us\u0142ug, inny ni\u017c newsletter<\/li>\n\n\n\n<li>Przesy\u0142anie newslettera<\/li>\n<\/ul>\n\n\n\n<p><strong>Podstawa przetwarzania:<\/strong><\/p>\n\n\n\n<ul class=\"wp-block-list\">\n<li>Umowa sprzeda\u017cy lub dzia\u0142ania podejmowane na Twoje \u017c\u0105danie, zmierzaj\u0105ce do jej zawarcia (art. 6 ust. 1 lit. b RODO)<\/li>\n\n\n\n<li>Ci\u0105\u017c\u0105cy na nas obowi\u0105zek prawny, np. zwi\u0105zany z rachunkowo\u015bci\u0105 (art. 6 ust. 1 lit. c RODO)<\/li>\n\n\n\n<li>Twoja zgoda wyra\u017cona w Sklepie (art. 6 ust. 1 lit. a RODO)<\/li>\n\n\n\n<li>Umowa o \u015bwiadczenie us\u0142ug lub dzia\u0142ania podejmowane na Twoje \u017c\u0105danie, zmierzaj\u0105ce do jej zawarcia (art. 6 ust. 1 lit. b RODO)<\/li>\n\n\n\n<li>Nasz prawnie uzasadniony interes, polegaj\u0105cy na przetwarzaniu danych w celu ustalenia, dochodzenia lub obrony ewentualnych roszcze\u0144 (art. 6 ust. 1 lit. f RODO)<\/li>\n\n\n\n<li>Nasz prawnie uzasadniony interes, polegaj\u0105cy na prowadzeniu marketingu bezpo\u015bredniego (art. 6 ust. 1 lit. f RODO)<\/li>\n\n\n\n<li>Nasz prawnie uzasadniony interes polegaj\u0105cy na przetwarzaniu danych w celach analitycznych i statystycznych&nbsp;(art. 6 ust. 1 lit. f RODO)<\/li>\n\n\n\n<li>Nasz prawnie uzasadniony interes polegaj\u0105cy na&nbsp;badaniu satysfakcji klient\u00f3w (art. 6 ust. 1 lit. f RODO)<\/li>\n<\/ul>\n\n\n\n<p><strong>Podanie danych:<\/strong><\/p>\n\n\n\n<ul class=\"wp-block-list\">\n<li>Dobrowolne, ale w niekt\u00f3rych przypadkach mo\u017ce by\u0107 konieczne do zawarcia umowy.<\/li>\n<\/ul>\n\n\n\n<p><strong>Skutek niepodania danych:<\/strong><\/p>\n\n\n\n<p>W zale\u017cno\u015bci od celu, w jakim dane s\u0105 podawane:<\/p>\n\n\n\n<ul class=\"wp-block-list\">\n<li>brak mo\u017cliwo\u015bci zarejestrowania si\u0119 w Sklepie<\/li>\n\n\n\n<li>brak mo\u017cliwo\u015bci korzystania z us\u0142ug Sklepu<\/li>\n\n\n\n<li>brak mo\u017cliwo\u015bci dokonania zakup\u00f3w w Sklepie<\/li>\n\n\n\n<li>brak mo\u017cliwo\u015bci otrzymywania informacji o promocjach czy ofertach specjalnych, oferowanych w Sklepie<\/li>\n<\/ul>\n\n\n\n<p><strong>Mo\u017cliwo\u015b\u0107 cofni\u0119cia zgody:<\/strong><\/p>\n\n\n\n<ul class=\"wp-block-list\">\n<li>w ka\u017cdej chwili<\/li>\n<\/ul>\n\n\n\n<p>Przetwarzanie danych do momentu cofni\u0119cia przez Ciebie zgody pozostaje zgodne z prawem.<\/p>\n\n\n\n<p><strong>PROFILOWANIE<\/strong><\/p>\n\n\n\n<p>W ramach Sklepu mo\u017cemy automatycznie dopasowywa\u0107 pewne tre\u015bci do Twoich potrzeb, tj. dokonywa\u0107 profilowania, wykorzystuj\u0105c do tego podane przez Ciebie dane osobowe.<\/p>\n\n\n\n<p>W przypadku, gdyby profilowanie mog\u0142o skutkowa\u0107 podejmowaniem decyzji wywo\u0142uj\u0105cych wobec Ciebie skutki prawne lub wp\u0142ywaj\u0105cych na Ciebie w podobnie istotny spos\u00f3b, b\u0119dziemy je przeprowadza\u0107 tylko wtedy, gdy wyrazisz na to zgod\u0119.<\/p>\n\n\n\n<p>Pami\u0119taj, \u017ce zgod\u0119 w ka\u017cdej chwili mo\u017cesz odwo\u0142a\u0107. Przetwarzanie danych do momentu cofni\u0119cia przez Ciebie zgody pozostaje zgodne z prawem.<\/p>\n\n\n\n<p><strong>OKRES PRZETWARZANIA<\/strong><\/p>\n\n\n\n<p>Twoje dane b\u0119dziemy przetwarza\u0107 tylko przez okres, w kt\u00f3rym b\u0119dziemy mie\u0107 ku temu podstaw\u0119 prawn\u0105, a wi\u0119c do momentu, w kt\u00f3rym:<\/p>\n\n\n\n<ul class=\"wp-block-list\">\n<li>przestanie ci\u0105\u017cy\u0107 na nas obowi\u0105zek prawny, zobowi\u0105zuj\u0105cy nas do przetwarzania Twoich danych<\/li>\n\n\n\n<li>ustanie mo\u017cliwo\u015b\u0107 ustalania, dochodzenia lub obrony ewentualnych roszcze\u0144 zwi\u0105zanych z umow\u0105 zawart\u0105 przez Sklep przez strony<\/li>\n\n\n\n<li>cofniesz zgod\u0119 na przetwarzanie danych, je\u015bli to ona by\u0142a jego podstaw\u0105<\/li>\n\n\n\n<li>zostanie przyj\u0119ty Tw\u00f3j sprzeciw wobec przetwarzania Twoich danych osobowych &#8211; w przypadku gdy podstaw\u0105 przetwarzania Twoich danych by\u0142 uzasadniony interes administratora lub gdy dane by\u0142y przetwarzane w celu marketingu bezpo\u015bredniego, w tym profilowania<\/li>\n<\/ul>\n\n\n\n<p>&#8211; w zale\u017cno\u015bci od tego, co ma zastosowanie w danym przypadku i co nast\u0105pi najp\u00f3\u017aniej.<\/p>\n\n\n\n<p><strong>BEZPIECZE\u0143STWO DANYCH<\/strong><\/p>\n\n\n\n<p>Przetwarzaj\u0105c Twoje dane osobowe stosujemy \u015brodki organizacyjne i techniczne zgodne z w\u0142a\u015bciwymi przepisami prawa, w tym stosujemy szyfrowanie po\u0142\u0105czenia za pomoc\u0105 certyfikatu SSL.<\/p>\n\n\n\n<p><strong>TWOJE UPRAWNIENIA<\/strong><\/p>\n\n\n\n<p>Przys\u0142uguje Ci prawo \u017c\u0105dania:<\/p>\n\n\n\n<ul class=\"wp-block-list\">\n<li>dost\u0119pu do Twoich danych osobowych,<\/li>\n\n\n\n<li>ich sprostowania,<\/li>\n\n\n\n<li>usuni\u0119cia,<\/li>\n\n\n\n<li>ograniczenia przetwarzania,<\/li>\n\n\n\n<li>\u017c\u0105dania przeniesienia danych do innego administratora,<\/li>\n<\/ul>\n\n\n\n<p>A tak\u017ce:<\/p>\n\n\n\n<ul class=\"wp-block-list\">\n<li>wniesienia w dowolnym momencie sprzeciwu wobec przetwarzania Twoich danych:\n<ul class=\"wp-block-list\">\n<li>z przyczyn zwi\u0105zanych z Twoj\u0105 szczeg\u00f3ln\u0105 sytuacj\u0105 \u2013 wobec przetwarzania dotycz\u0105cych Ciebie danych osobowych, opartego na art. 6 ust. 1 lit. f RODO (tj. na prawnie uzasadnionych interesach realizowanych przez administratora), w tym profilowania na podstawie tych przepis\u00f3w,<\/li>\n\n\n\n<li>je\u017celi dane osobowe s\u0105 przetwarzane na potrzeby marketingu bezpo\u015bredniego, w tym profilowania, w zakresie, w jakim przetwarzanie jest zwi\u0105zane z takim marketingiem bezpo\u015brednim.<\/li>\n<\/ul>\n<\/li>\n<\/ul>\n\n\n\n<p>Skontaktuj si\u0119 z nami, je\u015bli chcesz skorzysta\u0107 ze swoich praw.<\/p>\n\n\n\n<p>Je\u015bli uznasz, \u017ce Twoje dane s\u0105 przetwarzane niezgodnie z prawem, mo\u017cesz z\u0142o\u017cy\u0107 skarg\u0119 do organu nadzorczego.<\/p>\n\n\n\n<p><strong>CIASTECZKA<\/strong><\/p>\n\n\n\n<p>Nasz Sklep, jak wi\u0119kszo\u015b\u0107 witryn internetowych, korzysta z tzw. plik\u00f3w cookies (ciasteczek). Pliki te:<\/p>\n\n\n\n<ul class=\"wp-block-list\">\n<li>s\u0105 zapisywane w pami\u0119ci Twojego urz\u0105dzenia (komputera, telefonu, itd.)<\/li>\n\n\n\n<li>umo\u017cliwiaj\u0105 Ci, m.in., korzystanie ze wszystkich funkcji Sklepu<\/li>\n\n\n\n<li>nie powoduj\u0105 zmian w ustawieniach Twojego urz\u0105dzenia<\/li>\n<\/ul>\n\n\n\n<p>Korzystaj\u0105c z odpowiednich opcji Twojej przegl\u0105darki, w ka\u017cdej chwili mo\u017cesz:<\/p>\n\n\n\n<ul class=\"wp-block-list\">\n<li>usun\u0105\u0107 pliki cookies<\/li>\n\n\n\n<li>blokowa\u0107 wykorzystanie plik\u00f3w cookies w przysz\u0142o\u015bci<\/li>\n<\/ul>\n\n\n\n<p>W tym Sklepie ciasteczka wykorzystywane s\u0105 w celu:<\/p>\n\n\n\n<ul class=\"wp-block-list\">\n<li>zapami\u0119tywania informacji o Twojej sesji<\/li>\n\n\n\n<li>statystycznym<\/li>\n\n\n\n<li>marketingowym<\/li>\n\n\n\n<li>udost\u0119pniania funkcji Sklepu<\/li>\n<\/ul>\n\n\n\n<p>Aby dowiedzie\u0107 si\u0119 jak zarz\u0105dza\u0107 plikami cookies, w tym jak wy\u0142\u0105czy\u0107 ich obs\u0142ug\u0119 w Twojej przegl\u0105darce, mo\u017cesz skorzysta\u0107 z pliku pomocy Twojej przegl\u0105darki. Z informacjami na ten temat mo\u017cesz zapozna\u0107 si\u0119 wciskaj\u0105c klawisz F1 w przegl\u0105darce. Ponadto odpowiednie wskaz\u00f3wki znajdziesz na nast\u0119puj\u0105cych podstronach, w zale\u017cno\u015bci od przegl\u0105darki, kt\u00f3rej u\u017cywasz:<\/p>\n\n\n\n<ul class=\"wp-block-list\">\n<li><a href=\"https:\/\/support.mozilla.org\/pl\/kb\/W%C5%82%C4%85czanie%20i%20wy%C5%82%C4%85czanie%20obs%C5%82ugi%20ciasteczek\" target=\"_blank\" rel=\"noreferrer noopener\">Firefox<\/a><\/li>\n\n\n\n<li><a href=\"https:\/\/support.google.com\/chrome\/answer\/95647?hl=plX\" target=\"_blank\" rel=\"noreferrer noopener\">Chrome<\/a><\/li>\n\n\n\n<li><a href=\"https:\/\/support.apple.com\/kb\/PH5042?locale=en_US\" target=\"_blank\" rel=\"noreferrer noopener\">Safari<\/a><\/li>\n\n\n\n<li><a href=\"http:\/\/windows.microsoft.com\/pl-pl\/windows-10\/edge-privacy-faq\" target=\"_blank\" rel=\"noreferrer noopener\">Internet Explorer \/ Microsoft Edge<\/a><\/li>\n<\/ul>\n\n\n\n<p>Wi\u0119cej informacji o ciasteczkach znajdziesz w&nbsp;<a href=\"https:\/\/pl.wikipedia.org\/wiki\/HTTP_cookie\" target=\"_blank\" rel=\"noreferrer noopener\">Wikipedii<\/a>.<\/p>\n\n\n\n<p><strong>US\u0141UGI ZEWN\u0118TRZNE \/ ODBIORCY DANYCH<\/strong><\/p>\n\n\n\n<p>Korzystamy z us\u0142ug podmiot\u00f3w zewn\u0119trznych, kt\u00f3rym mog\u0105 by\u0107 przekazywane Twoje dane. Poni\u017cej znajduje si\u0119 lista mo\u017cliwych odbiorc\u00f3w Twoich danych:<\/p>\n\n\n\n<ul class=\"wp-block-list\">\n<li>dostawca oprogramowania potrzebnego do prowadzenia sklepu internetowego<\/li>\n\n\n\n<li>podmiot realizuj\u0105cy dostaw\u0119 towar\u00f3w<\/li>\n\n\n\n<li>dostawca p\u0142atno\u015bci<\/li>\n\n\n\n<li>biuro ksi\u0119gowe<\/li>\n\n\n\n<li>hostingodawca<\/li>\n\n\n\n<li>podmiot u\u0142atwiajacy optymalizacj\u0119 Sklepu<\/li>\n\n\n\n<li>osoby wsp\u00f3\u0142pracuj\u0105ce z nami na podstawie um\u00f3w cywilnoprawnych, wspieraj\u0105ce nasz\u0105 bie\u017c\u0105c\u0105 dzia\u0142alno\u015b\u0107<\/li>\n\n\n\n<li>dostawca oprogramowania u\u0142atwiaj\u0105cego prowadzenie dzia\u0142alno\u015bci (np. oprogramowanie ksi\u0119gowe)<\/li>\n\n\n\n<li>podmiot zapewniaj\u0105cy us\u0142ugi marketingowe<\/li>\n\n\n\n<li>podmiot zapewniaj\u0105cy us\u0142ugi statystyczne<\/li>\n\n\n\n<li>odpowiednie organy publiczne w zakresie, w jakim Administrator jest zobowi\u0105zany do udost\u0119pnienia im danych<\/li>\n<\/ul>\n\n\n\n<p><strong>KONTAKT Z ADMINISTRATOREM<\/strong><\/p>\n\n\n\n<p>Chcesz skorzysta\u0107 ze swoich uprawnie\u0144 dotycz\u0105cych danych osobowych?<\/p>\n\n\n\n<p>A mo\u017ce po prostu chcesz zapyta\u0107 o co\u015b zwi\u0105zanego z nasz\u0105 Polityk\u0105 Prywatno\u015bci?<\/p>\n\n\n\n<p>Napisz na adres e-mail:<br>b2b@asianclub.pl<\/p>\n\n\n\n<p><\/p>","protected":false},"excerpt":{"rendered":"<p>Polityka prywatno\u015bci Sklepu asianclub.carehttps:\/\/asianclub.care(&#8222;Sklep&#8221;) Drogi U\u017cytkowniku! Dbamy o Twoj\u0105 prywatno\u015b\u0107 i chcemy, aby\u015b w czasie korzystania z naszych us\u0142ug czu\u0142 si\u0119 komfortowo. Dlatego te\u017c poni\u017cej prezentujemy Ci najwa\u017cniejsze informacje o zasadach przetwarzania przez nas Twoich danych osobowych oraz plikach cookies, kt\u00f3re s\u0105 wykorzystywane przez nasz Sklep. Informacje te zosta\u0142y przygotowane z uwzgl\u0119dnieniem RODO, czyli og\u00f3lnego [&hellip;]<\/p>\n","protected":false},"author":2,"featured_media":0,"parent":0,"menu_order":0,"comment_status":"closed","ping_status":"closed","template":"","meta":{"site-sidebar-layout":"default","site-content-layout":"","ast-site-content-layout":"default","site-content-style":"default","site-sidebar-style":"default","ast-global-header-display":"","ast-banner-title-visibility":"","ast-main-header-display":"","ast-hfb-above-header-display":"","ast-hfb-below-header-display":"","ast-hfb-mobile-header-display":"","site-post-title":"","ast-breadcrumbs-content":"","ast-featured-img":"","footer-sml-layout":"","ast-disable-related-posts":"","theme-transparent-header-meta":"","adv-header-id-meta":"","stick-header-meta":"","header-above-stick-meta":"","header-main-stick-meta":"","header-below-stick-meta":"","astra-migrate-meta-layouts":"default","ast-page-background-enabled":"default","ast-page-background-meta":{"desktop":{"background-color":"","background-image":"","background-repeat":"repeat","background-position":"center center","background-size":"auto","background-attachment":"scroll","background-type":"","background-media":"","overlay-type":"","overlay-color":"","overlay-opacity":"","overlay-gradient":""},"tablet":{"background-color":"","background-image":"","background-repeat":"repeat","background-position":"center center","background-size":"auto","background-attachment":"scroll","background-type":"","background-media":"","overlay-type":"","overlay-color":"","overlay-opacity":"","overlay-gradient":""},"mobile":{"background-color":"","background-image":"","background-repeat":"repeat","background-position":"center center","background-size":"auto","background-attachment":"scroll","background-type":"","background-media":"","overlay-type":"","overlay-color":"","overlay-opacity":"","overlay-gradient":""}},"ast-content-background-meta":{"desktop":{"background-color":"var(--ast-global-color-5)","background-image":"","background-repeat":"repeat","background-position":"center center","background-size":"auto","background-attachment":"scroll","background-type":"","background-media":"","overlay-type":"","overlay-color":"","overlay-opacity":"","overlay-gradient":""},"tablet":{"background-color":"var(--ast-global-color-5)","background-image":"","background-repeat":"repeat","background-position":"center center","background-size":"auto","background-attachment":"scroll","background-type":"","background-media":"","overlay-type":"","overlay-color":"","overlay-opacity":"","overlay-gradient":""},"mobile":{"background-color":"var(--ast-global-color-5)","background-image":"","background-repeat":"repeat","background-position":"center center","background-size":"auto","background-attachment":"scroll","background-type":"","background-media":"","overlay-type":"","overlay-color":"","overlay-opacity":"","overlay-gradient":""}},"footnotes":""},"class_list":["post-5049","page","type-page","status-publish","hentry"],"yoast_head":"<!-- This site is optimized with the Yoast SEO plugin v27.4 - https:\/\/yoast.com\/product\/yoast-seo-wordpress\/ -->\n<title>Polityka prywatno\u015bci - Asianclub Cosmetics<\/title>\n<meta name=\"robots\" content=\"index, follow, max-snippet:-1, max-image-preview:large, max-video-preview:-1\" \/>\n<link rel=\"canonical\" href=\"https:\/\/asianclub.care\/en\/polityka-prywatnosci\/\" \/>\n<meta property=\"og:locale\" content=\"en_US\" \/>\n<meta property=\"og:type\" content=\"article\" \/>\n<meta property=\"og:title\" content=\"Polityka prywatno\u015bci - Asianclub Cosmetics\" \/>\n<meta property=\"og:description\" content=\"Polityka prywatno\u015bci Sklepu asianclub.carehttps:\/\/asianclub.care(&#8222;Sklep&#8221;) Drogi U\u017cytkowniku! Dbamy o Twoj\u0105 prywatno\u015b\u0107 i chcemy, aby\u015b w czasie korzystania z naszych us\u0142ug czu\u0142 si\u0119 komfortowo. Dlatego te\u017c poni\u017cej prezentujemy Ci najwa\u017cniejsze informacje o zasadach przetwarzania przez nas Twoich danych osobowych oraz plikach cookies, kt\u00f3re s\u0105 wykorzystywane przez nasz Sklep. Informacje te zosta\u0142y przygotowane z uwzgl\u0119dnieniem RODO, czyli og\u00f3lnego [&hellip;]\" \/>\n<meta property=\"og:url\" content=\"https:\/\/asianclub.care\/en\/polityka-prywatnosci\/\" \/>\n<meta property=\"og:site_name\" content=\"Asianclub Cosmetics\" \/>\n<meta property=\"article:modified_time\" content=\"2022-11-29T21:49:05+00:00\" \/>\n<meta name=\"twitter:card\" content=\"summary_large_image\" \/>\n<meta name=\"twitter:label1\" content=\"Est. reading time\" \/>\n\t<meta name=\"twitter:data1\" content=\"6 minutes\" \/>\n<script type=\"application\/ld+json\" class=\"yoast-schema-graph\">{\"@context\":\"https:\\\/\\\/schema.org\",\"@graph\":[{\"@type\":\"WebPage\",\"@id\":\"https:\\\/\\\/asianclub.care\\\/polityka-prywatnosci\\\/\",\"url\":\"https:\\\/\\\/asianclub.care\\\/polityka-prywatnosci\\\/\",\"name\":\"Polityka prywatno\u015bci - Asianclub Cosmetics\",\"isPartOf\":{\"@id\":\"https:\\\/\\\/asianclub.care\\\/#website\"},\"datePublished\":\"2022-01-31T15:34:03+00:00\",\"dateModified\":\"2022-11-29T21:49:05+00:00\",\"breadcrumb\":{\"@id\":\"https:\\\/\\\/asianclub.care\\\/polityka-prywatnosci\\\/#breadcrumb\"},\"inLanguage\":\"en-US\",\"potentialAction\":[{\"@type\":\"ReadAction\",\"target\":[\"https:\\\/\\\/asianclub.care\\\/polityka-prywatnosci\\\/\"]}]},{\"@type\":\"BreadcrumbList\",\"@id\":\"https:\\\/\\\/asianclub.care\\\/polityka-prywatnosci\\\/#breadcrumb\",\"itemListElement\":[{\"@type\":\"ListItem\",\"position\":1,\"name\":\"Strona g\u0142\u00f3wna\",\"item\":\"https:\\\/\\\/asianclub.care\\\/\"},{\"@type\":\"ListItem\",\"position\":2,\"name\":\"Polityka prywatno\u015bci\"}]},{\"@type\":\"WebSite\",\"@id\":\"https:\\\/\\\/asianclub.care\\\/#website\",\"url\":\"https:\\\/\\\/asianclub.care\\\/\",\"name\":\"Asianclub Cosmetics\",\"description\":\"asianclub care\",\"publisher\":{\"@id\":\"https:\\\/\\\/asianclub.care\\\/#organization\"},\"potentialAction\":[{\"@type\":\"SearchAction\",\"target\":{\"@type\":\"EntryPoint\",\"urlTemplate\":\"https:\\\/\\\/asianclub.care\\\/?s={search_term_string}\"},\"query-input\":{\"@type\":\"PropertyValueSpecification\",\"valueRequired\":true,\"valueName\":\"search_term_string\"}}],\"inLanguage\":\"en-US\"},{\"@type\":\"Organization\",\"@id\":\"https:\\\/\\\/asianclub.care\\\/#organization\",\"name\":\"Asianclub Cosmetics\",\"url\":\"https:\\\/\\\/asianclub.care\\\/\",\"logo\":{\"@type\":\"ImageObject\",\"inLanguage\":\"en-US\",\"@id\":\"https:\\\/\\\/asianclub.care\\\/#\\\/schema\\\/logo\\\/image\\\/\",\"url\":\"https:\\\/\\\/asianclub.care\\\/wp-content\\\/uploads\\\/2020\\\/02\\\/asianclub_care_logo_silver_on_transparent.png\",\"contentUrl\":\"https:\\\/\\\/asianclub.care\\\/wp-content\\\/uploads\\\/2020\\\/02\\\/asianclub_care_logo_silver_on_transparent.png\",\"width\":1892,\"height\":1037,\"caption\":\"Asianclub Cosmetics\"},\"image\":{\"@id\":\"https:\\\/\\\/asianclub.care\\\/#\\\/schema\\\/logo\\\/image\\\/\"}}]}<\/script>\n<!-- \/ Yoast SEO plugin. -->","yoast_head_json":{"title":"Polityka prywatno\u015bci - Asianclub Cosmetics","robots":{"index":"index","follow":"follow","max-snippet":"max-snippet:-1","max-image-preview":"max-image-preview:large","max-video-preview":"max-video-preview:-1"},"canonical":"https:\/\/asianclub.care\/en\/polityka-prywatnosci\/","og_locale":"en_US","og_type":"article","og_title":"Polityka prywatno\u015bci - Asianclub Cosmetics","og_description":"Polityka prywatno\u015bci Sklepu asianclub.carehttps:\/\/asianclub.care(&#8222;Sklep&#8221;) Drogi U\u017cytkowniku! Dbamy o Twoj\u0105 prywatno\u015b\u0107 i chcemy, aby\u015b w czasie korzystania z naszych us\u0142ug czu\u0142 si\u0119 komfortowo. Dlatego te\u017c poni\u017cej prezentujemy Ci najwa\u017cniejsze informacje o zasadach przetwarzania przez nas Twoich danych osobowych oraz plikach cookies, kt\u00f3re s\u0105 wykorzystywane przez nasz Sklep. Informacje te zosta\u0142y przygotowane z uwzgl\u0119dnieniem RODO, czyli og\u00f3lnego [&hellip;]","og_url":"https:\/\/asianclub.care\/en\/polityka-prywatnosci\/","og_site_name":"Asianclub Cosmetics","article_modified_time":"2022-11-29T21:49:05+00:00","twitter_card":"summary_large_image","twitter_misc":{"Est. reading time":"6 minutes"},"schema":{"@context":"https:\/\/schema.org","@graph":[{"@type":"WebPage","@id":"https:\/\/asianclub.care\/polityka-prywatnosci\/","url":"https:\/\/asianclub.care\/polityka-prywatnosci\/","name":"Polityka prywatno\u015bci - Asianclub Cosmetics","isPartOf":{"@id":"https:\/\/asianclub.care\/#website"},"datePublished":"2022-01-31T15:34:03+00:00","dateModified":"2022-11-29T21:49:05+00:00","breadcrumb":{"@id":"https:\/\/asianclub.care\/polityka-prywatnosci\/#breadcrumb"},"inLanguage":"en-US","potentialAction":[{"@type":"ReadAction","target":["https:\/\/asianclub.care\/polityka-prywatnosci\/"]}]},{"@type":"BreadcrumbList","@id":"https:\/\/asianclub.care\/polityka-prywatnosci\/#breadcrumb","itemListElement":[{"@type":"ListItem","position":1,"name":"Strona g\u0142\u00f3wna","item":"https:\/\/asianclub.care\/"},{"@type":"ListItem","position":2,"name":"Polityka prywatno\u015bci"}]},{"@type":"WebSite","@id":"https:\/\/asianclub.care\/#website","url":"https:\/\/asianclub.care\/","name":"Asianclub Cosmetics","description":"asianclub care","publisher":{"@id":"https:\/\/asianclub.care\/#organization"},"potentialAction":[{"@type":"SearchAction","target":{"@type":"EntryPoint","urlTemplate":"https:\/\/asianclub.care\/?s={search_term_string}"},"query-input":{"@type":"PropertyValueSpecification","valueRequired":true,"valueName":"search_term_string"}}],"inLanguage":"en-US"},{"@type":"Organization","@id":"https:\/\/asianclub.care\/#organization","name":"Asianclub Cosmetics","url":"https:\/\/asianclub.care\/","logo":{"@type":"ImageObject","inLanguage":"en-US","@id":"https:\/\/asianclub.care\/#\/schema\/logo\/image\/","url":"https:\/\/asianclub.care\/wp-content\/uploads\/2020\/02\/asianclub_care_logo_silver_on_transparent.png","contentUrl":"https:\/\/asianclub.care\/wp-content\/uploads\/2020\/02\/asianclub_care_logo_silver_on_transparent.png","width":1892,"height":1037,"caption":"Asianclub Cosmetics"},"image":{"@id":"https:\/\/asianclub.care\/#\/schema\/logo\/image\/"}}]}},"_links":{"self":[{"href":"https:\/\/asianclub.care\/en\/wp-json\/wp\/v2\/pages\/5049","targetHints":{"allow":["GET"]}}],"collection":[{"href":"https:\/\/asianclub.care\/en\/wp-json\/wp\/v2\/pages"}],"about":[{"href":"https:\/\/asianclub.care\/en\/wp-json\/wp\/v2\/types\/page"}],"author":[{"embeddable":true,"href":"https:\/\/asianclub.care\/en\/wp-json\/wp\/v2\/users\/2"}],"replies":[{"embeddable":true,"href":"https:\/\/asianclub.care\/en\/wp-json\/wp\/v2\/comments?post=5049"}],"version-history":[{"count":2,"href":"https:\/\/asianclub.care\/en\/wp-json\/wp\/v2\/pages\/5049\/revisions"}],"predecessor-version":[{"id":5871,"href":"https:\/\/asianclub.care\/en\/wp-json\/wp\/v2\/pages\/5049\/revisions\/5871"}],"wp:attachment":[{"href":"https:\/\/asianclub.care\/en\/wp-json\/wp\/v2\/media?parent=5049"}],"curies":[{"name":"wp","href":"https:\/\/api.w.org\/{rel}","templated":true}]}}