{"id":6852,"date":"2024-09-06T12:21:54","date_gmt":"2024-09-06T10:21:54","guid":{"rendered":"https:\/\/asianclub.care\/?page_id=6852"},"modified":"2024-09-13T14:19:55","modified_gmt":"2024-09-13T12:19:55","slug":"produkcja","status":"publish","type":"page","link":"https:\/\/asianclub.care\/en\/produkcja\/","title":{"rendered":"Cosmetics production"},"content":{"rendered":"<div data-elementor-type=\"wp-page\" data-elementor-id=\"6852\" class=\"elementor elementor-6852\">\n\t\t\t\t\t\t<section class=\"elementor-section elementor-top-section elementor-element elementor-element-d8b06a4 elementor-section-content-middle elementor-section-boxed elementor-section-height-default elementor-section-height-default\" data-id=\"d8b06a4\" data-element_type=\"section\" data-e-type=\"section\" data-settings=\"{&quot;background_background&quot;:&quot;classic&quot;}\">\n\t\t\t\t\t\t\t<div class=\"elementor-background-overlay\"><\/div>\n\t\t\t\t\t\t\t<div class=\"elementor-container elementor-column-gap-default\">\n\t\t\t\t\t<div class=\"elementor-column elementor-col-100 elementor-top-column elementor-element elementor-element-e37e53d\" data-id=\"e37e53d\" data-element_type=\"column\" data-e-type=\"column\">\n\t\t\t<div class=\"elementor-widget-wrap elementor-element-populated\">\n\t\t\t\t\t\t<div class=\"elementor-element elementor-element-67e39dc elementor-widget elementor-widget-heading\" data-id=\"67e39dc\" data-element_type=\"widget\" data-e-type=\"widget\" data-widget_type=\"heading.default\">\n\t\t\t\t<div class=\"elementor-widget-container\">\n\t\t\t\t\t<h1 class=\"elementor-heading-title elementor-size-large\">COSMETICS PRODUCTION <br>IN SOUTH KOREA<\/br><\/h1>\t\t\t\t<\/div>\n\t\t\t\t<\/div>\n\t\t\t\t\t<\/div>\n\t\t<\/div>\n\t\t\t\t\t<\/div>\n\t\t<\/section>\n\t\t\t\t<section class=\"elementor-section elementor-top-section elementor-element elementor-element-da3922a elementor-section-boxed elementor-section-height-default elementor-section-height-default\" data-id=\"da3922a\" data-element_type=\"section\" data-e-type=\"section\" data-settings=\"{&quot;background_background&quot;:&quot;classic&quot;}\">\n\t\t\t\t\t\t<div class=\"elementor-container elementor-column-gap-default\">\n\t\t\t\t\t<div class=\"elementor-column elementor-col-50 elementor-top-column elementor-element elementor-element-4c51409\" data-id=\"4c51409\" data-element_type=\"column\" data-e-type=\"column\">\n\t\t\t<div class=\"elementor-widget-wrap elementor-element-populated\">\n\t\t\t\t\t\t<div class=\"elementor-element elementor-element-4c4d79b elementor-widget elementor-widget-heading\" data-id=\"4c4d79b\" data-element_type=\"widget\" data-e-type=\"widget\" data-widget_type=\"heading.default\">\n\t\t\t\t<div class=\"elementor-widget-container\">\n\t\t\t\t\t<h1 class=\"elementor-heading-title elementor-size-default\">INTERMEDIATION OF COSMETICS PRODUCTION <\/h1>\t\t\t\t<\/div>\n\t\t\t\t<\/div>\n\t\t\t\t<div class=\"elementor-element elementor-element-bbb2f57 elementor-widget elementor-widget-text-editor\" data-id=\"bbb2f57\" data-element_type=\"widget\" data-e-type=\"widget\" data-widget_type=\"text-editor.default\">\n\t\t\t\t<div class=\"elementor-widget-container\">\n\t\t\t\t\t\t\t\t\t<p>We provide intermediary services for the production of cosmetics in South Korea under your private label. We carry out the entire process taking into account your requirements while being in regular contact with you.<\/p>\t\t\t\t\t\t\t\t<\/div>\n\t\t\t\t<\/div>\n\t\t\t\t<div class=\"elementor-element elementor-element-1f8371d elementor-widget-divider--view-line elementor-widget elementor-widget-divider\" data-id=\"1f8371d\" data-element_type=\"widget\" data-e-type=\"widget\" data-widget_type=\"divider.default\">\n\t\t\t\t<div class=\"elementor-widget-container\">\n\t\t\t\t\t\t\t<div class=\"elementor-divider\">\n\t\t\t<span class=\"elementor-divider-separator\">\n\t\t\t\t\t\t<\/span>\n\t\t<\/div>\n\t\t\t\t\t\t<\/div>\n\t\t\t\t<\/div>\n\t\t\t\t<div class=\"elementor-element elementor-element-46fff3a elementor-widget elementor-widget-heading\" data-id=\"46fff3a\" data-element_type=\"widget\" data-e-type=\"widget\" data-widget_type=\"heading.default\">\n\t\t\t\t<div class=\"elementor-widget-container\">\n\t\t\t\t\t<h5 class=\"elementor-heading-title elementor-size-default\">MAKE YOUR BRAND WITH US<\/h5>\t\t\t\t<\/div>\n\t\t\t\t<\/div>\n\t\t\t\t\t<\/div>\n\t\t<\/div>\n\t\t\t\t<div class=\"elementor-column elementor-col-50 elementor-top-column elementor-element elementor-element-b5fd1c2\" data-id=\"b5fd1c2\" data-element_type=\"column\" data-e-type=\"column\">\n\t\t\t<div class=\"elementor-widget-wrap elementor-element-populated\">\n\t\t\t\t\t\t<div class=\"elementor-element elementor-element-14546f7 elementor-widget elementor-widget-heading\" data-id=\"14546f7\" data-element_type=\"widget\" data-e-type=\"widget\" data-widget_type=\"heading.default\">\n\t\t\t\t<div class=\"elementor-widget-container\">\n\t\t\t\t\t<h1 class=\"elementor-heading-title elementor-size-default\">WHAT WE DO FOR YOU?<\/h1>\t\t\t\t<\/div>\n\t\t\t\t<\/div>\n\t\t\t\t<div class=\"elementor-element elementor-element-db4490f elementor-widget elementor-widget-text-editor\" data-id=\"db4490f\" data-element_type=\"widget\" data-e-type=\"widget\" data-widget_type=\"text-editor.default\">\n\t\t\t\t<div class=\"elementor-widget-container\">\n\t\t\t\t\t\t\t\t\t<ul>\n<li>Search for factories specialising in the production of cosmetics of a particular category.<\/li>\n<li>Sourcing of sample products.<\/li>\n<li>Create a formulation with a Korean factory (taking into account your requirements).<\/li>\n<li>Processing of contracts.<\/li>\n<li>Direct contact with the Korean factory.<\/li>\n<li>Processing of production.<\/li>\n<li>Processing of the Safety Assessment for product registration in the EU in accordance with EC Regulation 1223\/2009.<\/li>\n<li>Intermediation of the agreement with the RP and notification to the CPNP.<\/li>\n<li>Support for transport.<\/li>\n<\/ul>\t\t\t\t\t\t\t\t<\/div>\n\t\t\t\t<\/div>\n\t\t\t\t\t<\/div>\n\t\t<\/div>\n\t\t\t\t\t<\/div>\n\t\t<\/section>\n\t\t\t\t<\/div>","protected":false},"excerpt":{"rendered":"<p>PRODUKCJA KOSMETYK\u00d3W W KOREI PO\u0141UDNIOWEJ PO\u015aREDNICTWO W PRODUKCJI KOSMETYK\u00d3W \u015awiadczymy us\u0142ugi po\u015brednictwa w produkcji kosmetyk\u00f3w w Korei Po\u0142udniowej pod Twoj\u0105 mark\u0105 w\u0142asn\u0105. Wykonujemy ca\u0142y proces uwzgl\u0119dniaj\u0105c Twoje wymagania, jednocze\u015bnie b\u0119d\u0105c z Tob\u0105 w sta\u0142ym kontakcie. STW\u00d3RZ Z NAMI SWOJ\u0104 MARK\u0118 CO DLA CIEBIE ROBIMY? Wyszukiwanie fabryk specjalizuj\u0105cych si\u0119 w produkcji kosmetyk\u00f3w danej kategorii. Pozyskanie pr\u00f3bnych [&hellip;]<\/p>\n","protected":false},"author":2,"featured_media":0,"parent":0,"menu_order":0,"comment_status":"closed","ping_status":"closed","template":"","meta":{"site-sidebar-layout":"no-sidebar","site-content-layout":"page-builder","ast-site-content-layout":"full-width-container","site-content-style":"default","site-sidebar-style":"default","ast-global-header-display":"","ast-banner-title-visibility":"","ast-main-header-display":"","ast-hfb-above-header-display":"","ast-hfb-below-header-display":"","ast-hfb-mobile-header-display":"","site-post-title":"disabled","ast-breadcrumbs-content":"","ast-featured-img":"disabled","footer-sml-layout":"","ast-disable-related-posts":"","theme-transparent-header-meta":"","adv-header-id-meta":"","stick-header-meta":"","header-above-stick-meta":"","header-main-stick-meta":"","header-below-stick-meta":"","astra-migrate-meta-layouts":"set","ast-page-background-enabled":"default","ast-page-background-meta":{"desktop":{"background-color":"","background-image":"","background-repeat":"repeat","background-position":"center center","background-size":"auto","background-attachment":"scroll","background-type":"","background-media":"","overlay-type":"","overlay-color":"","overlay-opacity":"","overlay-gradient":""},"tablet":{"background-color":"","background-image":"","background-repeat":"repeat","background-position":"center center","background-size":"auto","background-attachment":"scroll","background-type":"","background-media":"","overlay-type":"","overlay-color":"","overlay-opacity":"","overlay-gradient":""},"mobile":{"background-color":"","background-image":"","background-repeat":"repeat","background-position":"center center","background-size":"auto","background-attachment":"scroll","background-type":"","background-media":"","overlay-type":"","overlay-color":"","overlay-opacity":"","overlay-gradient":""}},"ast-content-background-meta":{"desktop":{"background-color":"var(--ast-global-color-5)","background-image":"","background-repeat":"repeat","background-position":"center center","background-size":"auto","background-attachment":"scroll","background-type":"","background-media":"","overlay-type":"","overlay-color":"","overlay-opacity":"","overlay-gradient":""},"tablet":{"background-color":"var(--ast-global-color-5)","background-image":"","background-repeat":"repeat","background-position":"center center","background-size":"auto","background-attachment":"scroll","background-type":"","background-media":"","overlay-type":"","overlay-color":"","overlay-opacity":"","overlay-gradient":""},"mobile":{"background-color":"var(--ast-global-color-5)","background-image":"","background-repeat":"repeat","background-position":"center center","background-size":"auto","background-attachment":"scroll","background-type":"","background-media":"","overlay-type":"","overlay-color":"","overlay-opacity":"","overlay-gradient":""}},"footnotes":""},"class_list":["post-6852","page","type-page","status-publish","hentry"],"yoast_head":"<!-- This site is optimized with the Yoast SEO plugin v27.4 - https:\/\/yoast.com\/product\/yoast-seo-wordpress\/ -->\n<title>Produkcja kosmetyk\u00f3w - Asianclub Cosmetics<\/title>\n<meta name=\"robots\" content=\"index, follow, max-snippet:-1, max-image-preview:large, max-video-preview:-1\" \/>\n<link rel=\"canonical\" href=\"https:\/\/asianclub.care\/en\/produkcja\/\" \/>\n<meta property=\"og:locale\" content=\"en_US\" \/>\n<meta property=\"og:type\" content=\"article\" \/>\n<meta property=\"og:title\" content=\"Produkcja kosmetyk\u00f3w - Asianclub Cosmetics\" \/>\n<meta property=\"og:description\" content=\"PRODUKCJA KOSMETYK\u00d3W W KOREI PO\u0141UDNIOWEJ PO\u015aREDNICTWO W PRODUKCJI KOSMETYK\u00d3W \u015awiadczymy us\u0142ugi po\u015brednictwa w produkcji kosmetyk\u00f3w w Korei Po\u0142udniowej pod Twoj\u0105 mark\u0105 w\u0142asn\u0105. Wykonujemy ca\u0142y proces uwzgl\u0119dniaj\u0105c Twoje wymagania, jednocze\u015bnie b\u0119d\u0105c z Tob\u0105 w sta\u0142ym kontakcie. STW\u00d3RZ Z NAMI SWOJ\u0104 MARK\u0118 CO DLA CIEBIE ROBIMY? Wyszukiwanie fabryk specjalizuj\u0105cych si\u0119 w produkcji kosmetyk\u00f3w danej kategorii. Pozyskanie pr\u00f3bnych [&hellip;]\" \/>\n<meta property=\"og:url\" content=\"https:\/\/asianclub.care\/en\/produkcja\/\" \/>\n<meta property=\"og:site_name\" content=\"Asianclub Cosmetics\" \/>\n<meta property=\"article:modified_time\" content=\"2024-09-13T12:19:55+00:00\" \/>\n<meta name=\"twitter:card\" content=\"summary_large_image\" \/>\n<meta name=\"twitter:label1\" content=\"Est. reading time\" \/>\n\t<meta name=\"twitter:data1\" content=\"1 minute\" \/>\n<script type=\"application\/ld+json\" class=\"yoast-schema-graph\">{\"@context\":\"https:\\\/\\\/schema.org\",\"@graph\":[{\"@type\":\"WebPage\",\"@id\":\"https:\\\/\\\/asianclub.care\\\/produkcja\\\/\",\"url\":\"https:\\\/\\\/asianclub.care\\\/produkcja\\\/\",\"name\":\"Produkcja kosmetyk\u00f3w - Asianclub Cosmetics\",\"isPartOf\":{\"@id\":\"https:\\\/\\\/asianclub.care\\\/#website\"},\"datePublished\":\"2024-09-06T10:21:54+00:00\",\"dateModified\":\"2024-09-13T12:19:55+00:00\",\"breadcrumb\":{\"@id\":\"https:\\\/\\\/asianclub.care\\\/produkcja\\\/#breadcrumb\"},\"inLanguage\":\"en-US\",\"potentialAction\":[{\"@type\":\"ReadAction\",\"target\":[\"https:\\\/\\\/asianclub.care\\\/produkcja\\\/\"]}]},{\"@type\":\"BreadcrumbList\",\"@id\":\"https:\\\/\\\/asianclub.care\\\/produkcja\\\/#breadcrumb\",\"itemListElement\":[{\"@type\":\"ListItem\",\"position\":1,\"name\":\"Strona g\u0142\u00f3wna\",\"item\":\"https:\\\/\\\/asianclub.care\\\/\"},{\"@type\":\"ListItem\",\"position\":2,\"name\":\"Produkcja kosmetyk\u00f3w\"}]},{\"@type\":\"WebSite\",\"@id\":\"https:\\\/\\\/asianclub.care\\\/#website\",\"url\":\"https:\\\/\\\/asianclub.care\\\/\",\"name\":\"Asianclub Cosmetics\",\"description\":\"asianclub care\",\"publisher\":{\"@id\":\"https:\\\/\\\/asianclub.care\\\/#organization\"},\"potentialAction\":[{\"@type\":\"SearchAction\",\"target\":{\"@type\":\"EntryPoint\",\"urlTemplate\":\"https:\\\/\\\/asianclub.care\\\/?s={search_term_string}\"},\"query-input\":{\"@type\":\"PropertyValueSpecification\",\"valueRequired\":true,\"valueName\":\"search_term_string\"}}],\"inLanguage\":\"en-US\"},{\"@type\":\"Organization\",\"@id\":\"https:\\\/\\\/asianclub.care\\\/#organization\",\"name\":\"Asianclub Cosmetics\",\"url\":\"https:\\\/\\\/asianclub.care\\\/\",\"logo\":{\"@type\":\"ImageObject\",\"inLanguage\":\"en-US\",\"@id\":\"https:\\\/\\\/asianclub.care\\\/#\\\/schema\\\/logo\\\/image\\\/\",\"url\":\"https:\\\/\\\/asianclub.care\\\/wp-content\\\/uploads\\\/2020\\\/02\\\/asianclub_care_logo_silver_on_transparent.png\",\"contentUrl\":\"https:\\\/\\\/asianclub.care\\\/wp-content\\\/uploads\\\/2020\\\/02\\\/asianclub_care_logo_silver_on_transparent.png\",\"width\":1892,\"height\":1037,\"caption\":\"Asianclub Cosmetics\"},\"image\":{\"@id\":\"https:\\\/\\\/asianclub.care\\\/#\\\/schema\\\/logo\\\/image\\\/\"}}]}<\/script>\n<!-- \/ Yoast SEO plugin. -->","yoast_head_json":{"title":"Produkcja kosmetyk\u00f3w - Asianclub Cosmetics","robots":{"index":"index","follow":"follow","max-snippet":"max-snippet:-1","max-image-preview":"max-image-preview:large","max-video-preview":"max-video-preview:-1"},"canonical":"https:\/\/asianclub.care\/en\/produkcja\/","og_locale":"en_US","og_type":"article","og_title":"Produkcja kosmetyk\u00f3w - Asianclub Cosmetics","og_description":"PRODUKCJA KOSMETYK\u00d3W W KOREI PO\u0141UDNIOWEJ PO\u015aREDNICTWO W PRODUKCJI KOSMETYK\u00d3W \u015awiadczymy us\u0142ugi po\u015brednictwa w produkcji kosmetyk\u00f3w w Korei Po\u0142udniowej pod Twoj\u0105 mark\u0105 w\u0142asn\u0105. Wykonujemy ca\u0142y proces uwzgl\u0119dniaj\u0105c Twoje wymagania, jednocze\u015bnie b\u0119d\u0105c z Tob\u0105 w sta\u0142ym kontakcie. STW\u00d3RZ Z NAMI SWOJ\u0104 MARK\u0118 CO DLA CIEBIE ROBIMY? Wyszukiwanie fabryk specjalizuj\u0105cych si\u0119 w produkcji kosmetyk\u00f3w danej kategorii. Pozyskanie pr\u00f3bnych [&hellip;]","og_url":"https:\/\/asianclub.care\/en\/produkcja\/","og_site_name":"Asianclub Cosmetics","article_modified_time":"2024-09-13T12:19:55+00:00","twitter_card":"summary_large_image","twitter_misc":{"Est. reading time":"1 minute"},"schema":{"@context":"https:\/\/schema.org","@graph":[{"@type":"WebPage","@id":"https:\/\/asianclub.care\/produkcja\/","url":"https:\/\/asianclub.care\/produkcja\/","name":"Produkcja kosmetyk\u00f3w - Asianclub Cosmetics","isPartOf":{"@id":"https:\/\/asianclub.care\/#website"},"datePublished":"2024-09-06T10:21:54+00:00","dateModified":"2024-09-13T12:19:55+00:00","breadcrumb":{"@id":"https:\/\/asianclub.care\/produkcja\/#breadcrumb"},"inLanguage":"en-US","potentialAction":[{"@type":"ReadAction","target":["https:\/\/asianclub.care\/produkcja\/"]}]},{"@type":"BreadcrumbList","@id":"https:\/\/asianclub.care\/produkcja\/#breadcrumb","itemListElement":[{"@type":"ListItem","position":1,"name":"Strona g\u0142\u00f3wna","item":"https:\/\/asianclub.care\/"},{"@type":"ListItem","position":2,"name":"Produkcja kosmetyk\u00f3w"}]},{"@type":"WebSite","@id":"https:\/\/asianclub.care\/#website","url":"https:\/\/asianclub.care\/","name":"Asianclub Cosmetics","description":"asianclub care","publisher":{"@id":"https:\/\/asianclub.care\/#organization"},"potentialAction":[{"@type":"SearchAction","target":{"@type":"EntryPoint","urlTemplate":"https:\/\/asianclub.care\/?s={search_term_string}"},"query-input":{"@type":"PropertyValueSpecification","valueRequired":true,"valueName":"search_term_string"}}],"inLanguage":"en-US"},{"@type":"Organization","@id":"https:\/\/asianclub.care\/#organization","name":"Asianclub Cosmetics","url":"https:\/\/asianclub.care\/","logo":{"@type":"ImageObject","inLanguage":"en-US","@id":"https:\/\/asianclub.care\/#\/schema\/logo\/image\/","url":"https:\/\/asianclub.care\/wp-content\/uploads\/2020\/02\/asianclub_care_logo_silver_on_transparent.png","contentUrl":"https:\/\/asianclub.care\/wp-content\/uploads\/2020\/02\/asianclub_care_logo_silver_on_transparent.png","width":1892,"height":1037,"caption":"Asianclub Cosmetics"},"image":{"@id":"https:\/\/asianclub.care\/#\/schema\/logo\/image\/"}}]}},"_links":{"self":[{"href":"https:\/\/asianclub.care\/en\/wp-json\/wp\/v2\/pages\/6852","targetHints":{"allow":["GET"]}}],"collection":[{"href":"https:\/\/asianclub.care\/en\/wp-json\/wp\/v2\/pages"}],"about":[{"href":"https:\/\/asianclub.care\/en\/wp-json\/wp\/v2\/types\/page"}],"author":[{"embeddable":true,"href":"https:\/\/asianclub.care\/en\/wp-json\/wp\/v2\/users\/2"}],"replies":[{"embeddable":true,"href":"https:\/\/asianclub.care\/en\/wp-json\/wp\/v2\/comments?post=6852"}],"version-history":[{"count":32,"href":"https:\/\/asianclub.care\/en\/wp-json\/wp\/v2\/pages\/6852\/revisions"}],"predecessor-version":[{"id":7206,"href":"https:\/\/asianclub.care\/en\/wp-json\/wp\/v2\/pages\/6852\/revisions\/7206"}],"wp:attachment":[{"href":"https:\/\/asianclub.care\/en\/wp-json\/wp\/v2\/media?parent=6852"}],"curies":[{"name":"wp","href":"https:\/\/api.w.org\/{rel}","templated":true}]}}